{"id":3,"date":"2020-10-09T13:51:01","date_gmt":"2020-10-09T11:51:01","guid":{"rendered":"http:\/\/bmimpiantisrl.net\/?page_id=3"},"modified":"2020-12-08T17:14:40","modified_gmt":"2020-12-08T16:14:40","slug":"privacy-policy","status":"publish","type":"page","link":"http:\/\/bmimpiantisrl.net\/?page_id=3","title":{"rendered":"Profilo"},"content":{"rendered":"\n<figure class=\"wp-block-image size-large is-style-rounded\"><img decoding=\"async\" src=\"http:\/\/bmimpiantisrl.net\/wp-content\/uploads\/2020\/11\/WMHR4905.jpg\" alt=\"\" class=\"wp-image-220\"\/><\/figure>\n\n\n\n<h2>LA STORIA:<\/h2>\n\n\n\n<p>BM Impianti nasce nel 1999 come ditta individuale artigiana (nel settore della climatizzazione), per poi evolvere e trasformarsi nel 2008 nell\u2019attuale BM Impianti S.r.l.<\/p>\n\n\n\n<p>BM Impianti \u00e8 oggi una realt\u00e0 consolidata e fortemente proiettata al futuro, i cui punti di forza:<\/p>\n\n\n\n<ul><li>Inclinazione all\u2019innovazione tecnologica<\/li><li>Disponibilit\u00e0 ad investire nel proprio sviluppo<\/li><li>Organizzazione dinamica e flessibile, in grado di rispondere sempre alle esigenze del cliente e del mercato<\/li><li>Ricerca dell\u2019eccellenza dei risultati mediante l\u2019elevata specializzazione del proprio capitale umano<\/li><\/ul>\n\n\n\n<p>Sono lo strumento che utilizziamo nel presente per costruire il futuro.<\/p>\n\n\n\n<h3>IL PRESENTE:<\/h3>\n\n\n\n<p>BM Impianti \u00e8 specializzata e abilitata ai sensi del Decreto n.37\/2008 ad operare nel settore impiantistico per la progettazione, l\u2019installazione, la manutenzione e la conduzione di:<\/p>\n\n\n\n<ul><li>Impianti elettrici<\/li><li>Impianti idrici e sanitari<\/li><li>Impianti di distribuzione e utilizzazione di gas<\/li><li>Impianti di protezione antincendio<\/li><\/ul>\n\n\n\n<p>e dei relativi servizi accessori, costituendo in tal modo sin dalla fase progettuale, il partner ideale per l\u2019efficiente gestione delle infrastrutture tecnologiche presenti in ogni categoria di immobile, qualunque ne sia l\u2019utilizzo finale. In virt\u00f9 dell\u2019esperienza e competenze maturate infatti, BM Impianti \u00e8 in grado di operare indifferentemente sugli impianti tecnologici nei pi\u00f9 diversi settori: residenziale, commerciale, alberghiero, terziario, ospedaliero, militare e industriale.<\/p>\n\n\n\n<h2>LA STRUTTURA:<\/h2>\n\n\n\n<p>Lo Staff Tecnico di BM Impianti comprende sia progettisti in grado di affiancare il Cliente nell\u2019individuazione e nella definizione delle migliori soluzioni tecnico-impiantistiche, che una struttura operativa composta da tecnici altamente qualificati:<\/p>\n\n\n\n<ul><li>elettricisti PEI\/PES\/PAV\/PEC, qualificati secondo le Norme CEI EN 50110-1 CEI 11-27<\/li><li>saldatori, certificati secondo le Norme UNI 9737; UNI EN 287-1:2007; EN 13133:2000; EN 13134:2000<\/li><li>frigoristi, certificati secondo il Regolamento CE N.303\/2008 (Gas fluorurati)<\/li><li>conduttori di impianti termici, abilitati ai sensi della Legge 13 luglio 1966 n. 615<\/li><li>bruciatoristi, qualificati dalle maggiori case produttrici<\/li><\/ul>\n\n\n\n<p>BM Impianti opera sui Clienti direttamente con il proprio personale tecnico, garantendo sempre in tal modo i pi\u00f9 elevati standard di qualit\u00e0 per le proprie attivit\u00e0 di core business, demandando a terzi esclusivamente attivit\u00e0 e servizi accessori o di supporto.<\/p>\n","protected":false},"excerpt":{"rendered":"<p>LA STORIA: BM Impianti nasce nel 1999 come ditta individuale artigiana (nel settore della climatizzazione), per poi evolvere e trasformarsi nel 2008 nell\u2019attuale BM Impianti S.r.l. BM Impianti \u00e8 oggi una realt\u00e0 consolidata e fortemente proiettata al futuro, i cui punti di forza: Inclinazione all\u2019innovazione tecnologica Disponibilit\u00e0 ad investire nel proprio sviluppo Organizzazione dinamica e &hellip; <\/p>\n","protected":false},"author":1,"featured_media":0,"parent":0,"menu_order":0,"comment_status":"closed","ping_status":"closed","template":"","meta":[],"_links":{"self":[{"href":"http:\/\/bmimpiantisrl.net\/index.php?rest_route=\/wp\/v2\/pages\/3"}],"collection":[{"href":"http:\/\/bmimpiantisrl.net\/index.php?rest_route=\/wp\/v2\/pages"}],"about":[{"href":"http:\/\/bmimpiantisrl.net\/index.php?rest_route=\/wp\/v2\/types\/page"}],"author":[{"embeddable":true,"href":"http:\/\/bmimpiantisrl.net\/index.php?rest_route=\/wp\/v2\/users\/1"}],"replies":[{"embeddable":true,"href":"http:\/\/bmimpiantisrl.net\/index.php?rest_route=%2Fwp%2Fv2%2Fcomments&post=3"}],"version-history":[{"count":8,"href":"http:\/\/bmimpiantisrl.net\/index.php?rest_route=\/wp\/v2\/pages\/3\/revisions"}],"predecessor-version":[{"id":237,"href":"http:\/\/bmimpiantisrl.net\/index.php?rest_route=\/wp\/v2\/pages\/3\/revisions\/237"}],"wp:attachment":[{"href":"http:\/\/bmimpiantisrl.net\/index.php?rest_route=%2Fwp%2Fv2%2Fmedia&parent=3"}],"curies":[{"name":"wp","href":"https:\/\/api.w.org\/{rel}","templated":true}]}}